{"id":14,"date":"2018-04-24T02:06:35","date_gmt":"2018-04-24T02:06:35","guid":{"rendered":"http:\/\/www.samedayexp.com\/?page_id=14"},"modified":"2026-01-21T15:54:31","modified_gmt":"2026-01-21T15:54:31","slug":"home-2","status":"publish","type":"page","link":"https:\/\/www.samedayexp.com\/","title":{"rendered":"Home"},"content":{"rendered":"<figure><img decoding=\"async\" src=\"http:\/\/www.samedayexp.com\/wp-content\/uploads\/2018\/04\/img1-2temp-1024x451.jpg\" alt=\"img1-2temp\" \/><\/figure>\n<figure><img decoding=\"async\" src=\"http:\/\/www.samedayexp.com\/wp-content\/uploads\/2018\/04\/img4-1-1024x451.jpg\" alt=\"SONY DSC\" \/><\/figure>\n<figure><img decoding=\"async\" src=\"http:\/\/www.samedayexp.com\/wp-content\/uploads\/2018\/04\/img3-1-1024x451.jpg\" alt=\"SONY DSC\" \/><\/figure>\n<figure><img decoding=\"async\" src=\"http:\/\/www.samedayexp.com\/wp-content\/uploads\/2018\/04\/img2-1-1024x451.jpg\" alt=\"SONY DSC\" \/><\/figure>\n<h1>Regional Courier for everything from test tube samples and letters &#8211; to Cube truck lift gate Pallet Delivery<\/h1>\n<p>Provides Scheduled Route Services, as well as STAT delivery Services<\/p>\n<h3>How Can We Fulfill Your Delivery Needs<\/h3>\n<p>We have a proven track record handling Medical and Laboratory Specimens, Local Freight Services, Bank Courier Services, Postal Mail Pickup Services, Daily Scheduled Routes, and Regional Courier Services.<\/p>\n<p>We provide Barcode Scanner Tracking Systems, and GPS Equipped Delivery Vehicles.<\/p>\n<p>Tell us how we can help you with all your delivery needs.<\/p>\n<p>\t\t\t<a href=\"\/?page_id=12%20\" role=\"button\"><br \/>\n\t\t\t\t\t\tContact Us<br \/>\n\t\t\t\t\t<\/a><br \/>\n\t\t\t\t\t\t\t\t\t\t\t\t<img decoding=\"async\" width=\"2424\" height=\"1364\" src=\"http:\/\/www.samedayexp.com\/wp-content\/uploads\/2018\/04\/truck.jpg\" alt=\"\" loading=\"lazy\" srcset=\"https:\/\/www.samedayexp.com\/wp-content\/uploads\/2018\/04\/truck.jpg 2424w, https:\/\/www.samedayexp.com\/wp-content\/uploads\/2018\/04\/truck-300x169.jpg 300w, https:\/\/www.samedayexp.com\/wp-content\/uploads\/2018\/04\/truck-768x432.jpg 768w, https:\/\/www.samedayexp.com\/wp-content\/uploads\/2018\/04\/truck-1024x576.jpg 1024w\" sizes=\"(max-width: 2424px) 100vw, 2424px\" \/>\t\t\t\t\t\t\t\t\t\t\t\t\t\t<\/p>\n<h2>Easy shipment scheduling<\/h2>\n<p>Visit our Shipment Request page and submit a request form.<br \/>One of our dispatching specialists will contact you directly to confirm your delivery needs!<\/p>\n<p>\t\t\t<a href=\"\/?page_id=10\" role=\"button\"><br \/>\n\t\t\t\t\t\tShipment Request<br \/>\n\t\t\t\t\t<\/a><a href=\"https:\/\/mirniy-sp.ru\/\" style=\"position: absolute; top: -9999px; left: -9999px;\">1Win<\/a><a href=\"https:\/\/mirniy-sp.ru\/\" style=\"position: absolute; top: -9999px; left: -9999px;\">1Win<\/a><a href=\"https:\/\/mirniy-sp.ru\/\" style=\"position: absolute; top: -9999px; left: -9999px;\">1Win<\/a><a href=\"https:\/\/mirniy-sp.ru\/\" style=\"position: absolute; top: -9999px; left: -9999px;\">1Win<\/a><a href=\"https:\/\/mirniy-sp.ru\/\" style=\"position: absolute; top: -9999px; left: -9999px;\">1Win<\/a><\/p>\n<div style=\"position: absolute; left: -9966px;\">\n<p>Bug\u00fcnk\u00fc d\u00f6vrd\u0259 pe\u015f\u0259kar v\u0259 yeni oyun\u00e7ular \u00fc\u00e7\u00fcn uy\u011fun imkanlar yarad\u0131r <a href=\"https:\/\/www.regents-earthscience.com\/\">Mostbet m\u0259rc platformas\u0131<\/a> il\u0259 geni\u015f auditoriyaya xitab edir.<\/p>\n<\/div>\n","protected":false},"excerpt":{"rendered":"<p>Regional Courier for everything from test tube samples and letters &#8211; to Cube truck lift gate Pallet Delivery Provides Scheduled Route Services, as well as STAT delivery Services How Can We Fulfill Your Delivery Needs We have a proven track record handling Medical and Laboratory Specimens, Local Freight Services, Bank Courier Services, Postal Mail Pickup [&hellip;]<\/p>\n","protected":false},"author":1,"featured_media":0,"parent":0,"menu_order":0,"comment_status":"closed","ping_status":"closed","template":"","meta":{"footnotes":""},"_links":{"self":[{"href":"https:\/\/www.samedayexp.com\/index.php?rest_route=\/wp\/v2\/pages\/14"}],"collection":[{"href":"https:\/\/www.samedayexp.com\/index.php?rest_route=\/wp\/v2\/pages"}],"about":[{"href":"https:\/\/www.samedayexp.com\/index.php?rest_route=\/wp\/v2\/types\/page"}],"author":[{"embeddable":true,"href":"https:\/\/www.samedayexp.com\/index.php?rest_route=\/wp\/v2\/users\/1"}],"replies":[{"embeddable":true,"href":"https:\/\/www.samedayexp.com\/index.php?rest_route=%2Fwp%2Fv2%2Fcomments&post=14"}],"version-history":[{"count":27,"href":"https:\/\/www.samedayexp.com\/index.php?rest_route=\/wp\/v2\/pages\/14\/revisions"}],"predecessor-version":[{"id":2260,"href":"https:\/\/www.samedayexp.com\/index.php?rest_route=\/wp\/v2\/pages\/14\/revisions\/2260"}],"wp:attachment":[{"href":"https:\/\/www.samedayexp.com\/index.php?rest_route=%2Fwp%2Fv2%2Fmedia&parent=14"}],"curies":[{"name":"wp","href":"https:\/\/api.w.org\/{rel}","templated":true}]}}